{"id":14,"date":"2020-07-02T19:59:52","date_gmt":"2020-07-02T19:59:52","guid":{"rendered":"http:\/\/decolonize-weimar.org\/?page_id=14"},"modified":"2024-03-11T12:58:33","modified_gmt":"2024-03-11T12:58:33","slug":"impressum","status":"publish","type":"page","link":"http:\/\/decolonize-weimar.org\/en\/impressum","title":{"rendered":"Legal information"},"content":{"rendered":"<h2 class=\"wp-block-heading\">Angaben gem\u00e4\u00df \u00a7 5 TMG<\/h2>\n\n\n\n<p>Julia Bee<br>Professur f\u00fcr Gender Media Studies unter besonderer Ber\u00fccksichtigung von Diversit\u00e4t<br>Ruhr-Universit\u00e4t Bochum <br>Institut f\u00fcr Medienwissenschaft <br>Universit\u00e4tsstr. 150 <br>44780 Bochum<\/p>\n\n\n\n<h2 class=\"wp-block-heading\">Contact<\/h2>\n\n\n\n<p>Telefon: +49 (0) 36 43 58 37 99<br>E-Mail: info@decolonize-weimar.org<\/p>\n\n\n\n<p>Webdesign von <a href=\"mailto:b.frena@gmail.com\">Bernhard Frena<\/a><\/p>\n\n\n\n<h3 class=\"wp-block-heading\">Haftung f\u00fcr Inhalte<\/h3>\n\n\n\n<p>Als Diensteanbieter*in sind wir gem\u00e4\u00df \u00a7 7 Abs.1 TMG f\u00fcr eigene Inhalte auf diesen Seiten nach den allgemeinen Gesetzen verantwortlich. Nach \u00a7\u00a7 8 bis 10 TMG sind wir als Diensteanbieter*in jedoch nicht verpflichtet, \u00fcbermittelte oder gespeicherte fremde Informationen zu \u00fcberwachen oder nach Umst\u00e4nden zu forschen, die auf eine rechtswidrige T\u00e4tigkeit hinweisen.<\/p>\n\n\n\n<p>Verpflichtungen zur Entfernung oder Sperrung der Nutzung von Informationen nach den allgemeinen Gesetzen bleiben hiervon unber\u00fchrt. Eine diesbez\u00fcgliche Haftung ist jedoch erst ab dem Zeitpunkt der Kenntnis einer konkreten Rechtsverletzung m\u00f6glich. Bei Bekanntwerden von entsprechenden Rechtsverletzungen werden wir diese Inhalte umgehend entfernen.<\/p>\n\n\n\n<h3 class=\"wp-block-heading\">Haftung f\u00fcr Links<\/h3>\n\n\n\n<p>Unser Angebot enth\u00e4lt Links zu externen Websites Dritter, auf deren Inhalte wir keinen Einfluss haben. Deshalb k\u00f6nnen wir f\u00fcr diese fremden Inhalte auch keine Gew\u00e4hr \u00fcbernehmen. F\u00fcr die Inhalte der verlinkten Seiten ist stets der*die jeweilige Anbieter*in oder Betreiber*in der Seiten verantwortlich. Die verlinkten Seiten wurden zum Zeitpunkt der Verlinkung auf m\u00f6gliche Rechtsverst\u00f6\u00dfe \u00fcberpr\u00fcft. Rechtswidrige Inhalte waren zum Zeitpunkt der Verlinkung nicht erkennbar.<\/p>\n\n\n\n<p>Eine permanente inhaltliche Kontrolle der verlinkten Seiten ist jedoch ohne konkrete Anhaltspunkte einer Rechtsverletzung nicht zumutbar. Bei Bekanntwerden von Rechtsverletzungen werden wir derartige Links umgehend entfernen.<\/p>\n\n\n\n<h3 class=\"wp-block-heading\">Urheberrecht<\/h3>\n\n\n\n<p>Die durch die Seitenbetreiber*innen erstellten Inhalte und Werke auf diesen Seiten unterliegen dem deutschen Urheberrecht. Die Vervielf\u00e4ltigung, Bearbeitung, Verbreitung und jede Art der Verwertung au\u00dferhalb der Grenzen des Urheberrechtes bed\u00fcrfen der schriftlichen Zustimmung des jeweiligen Autors bzw. Erstellers. Downloads und Kopien dieser Seite sind nur f\u00fcr den privaten und \u00f6ffentlich-rechtlichen, nicht jedoch f\u00fcr den kommerziellen Gebrauch gestattet.<\/p>\n\n\n\n<p>Soweit die Inhalte auf dieser Seite nicht von dem*der Betreiber*in erstellt wurden, werden die Urheberrechte Dritter beachtet. Insbesondere werden Inhalte Dritter als solche gekennzeichnet. Sollten Sie trotzdem auf eine Urheberrechtsverletzung aufmerksam werden, bitten wir um einen entsprechenden Hinweis. Bei Bekanntwerden von Rechtsverletzungen werden wir derartige Inhalte umgehend entfernen.<\/p>","protected":false},"excerpt":{"rendered":"<p>Angaben gem\u00e4\u00df \u00a7 5 TMG Julia BeeProfessur f\u00fcr Gender Media Studies unter besonderer Ber\u00fccksichtigung von Diversit\u00e4tRuhr-Universit\u00e4t Bochum Institut f\u00fcr Medienwissenschaft Universit\u00e4tsstr. 150 44780 Bochum Kontakt Telefon: +49 (0) 36 43 58 37 99E-Mail: info@decolonize-weimar.org Webdesign von Bernhard Frena Haftung f\u00fcr Inhalte Als Diensteanbieter*in sind wir gem\u00e4\u00df \u00a7 7 Abs.1 TMG f\u00fcr eigene Inhalte auf diesen&hellip;<\/p>","protected":false},"author":1,"featured_media":0,"parent":0,"menu_order":0,"comment_status":"closed","ping_status":"closed","template":"","meta":{"footnotes":""},"class_list":["post-14","page","type-page","status-publish","hentry"],"_links":{"self":[{"href":"http:\/\/decolonize-weimar.org\/en\/wp-json\/wp\/v2\/pages\/14","targetHints":{"allow":["GET"]}}],"collection":[{"href":"http:\/\/decolonize-weimar.org\/en\/wp-json\/wp\/v2\/pages"}],"about":[{"href":"http:\/\/decolonize-weimar.org\/en\/wp-json\/wp\/v2\/types\/page"}],"author":[{"embeddable":true,"href":"http:\/\/decolonize-weimar.org\/en\/wp-json\/wp\/v2\/users\/1"}],"replies":[{"embeddable":true,"href":"http:\/\/decolonize-weimar.org\/en\/wp-json\/wp\/v2\/comments?post=14"}],"version-history":[{"count":7,"href":"http:\/\/decolonize-weimar.org\/en\/wp-json\/wp\/v2\/pages\/14\/revisions"}],"predecessor-version":[{"id":780,"href":"http:\/\/decolonize-weimar.org\/en\/wp-json\/wp\/v2\/pages\/14\/revisions\/780"}],"wp:attachment":[{"href":"http:\/\/decolonize-weimar.org\/en\/wp-json\/wp\/v2\/media?parent=14"}],"curies":[{"name":"wp","href":"https:\/\/api.w.org\/{rel}","templated":true}]}}