{"id":18,"date":"2020-07-02T20:00:29","date_gmt":"2020-07-02T20:00:29","guid":{"rendered":"http:\/\/decolonize-weimar.org\/?page_id=18"},"modified":"2025-08-27T12:10:46","modified_gmt":"2025-08-27T12:10:46","slug":"termine","status":"publish","type":"page","link":"http:\/\/decolonize-weimar.org\/en\/termine","title":{"rendered":"News"},"content":{"rendered":"<p>Aktuell sind keine Stadtrundg\u00e4nge geplant. Termine k\u00f6nnen allerdings per Mail an <a href=\"mailto:info@decolonize-weimar.org\">info@decolonize-weimar.org<\/a> angefragt werden.<\/p>\n\n\n\n<h3 class=\"wp-block-heading\">Media<\/h3>\n\n\n\n<ul class=\"wp-block-list\">\n<li>Decolonize Weimar bei <a href=\"https:\/\/www.instagram.com\/decolonizeweimar\/\">Instagram<\/a>.<\/li>\n\n\n\n<li>Interview at Radio Lotte about Decolonize Weimar (in German): <a href=\"https:\/\/www.radiolotte.de\/radio\/decolonize-weimar-dekoloniale-karte-und-stadtrundgaenge-we-34137.html\">here<\/a><\/li>\n<\/ul>\n\n\n\n<h3 class=\"wp-block-heading\"><strong>Past Events<\/strong><\/h3>\n\n\n\n<ul class=\"wp-block-list\">\n<li>14.07.2022: &#8222;Solidarit\u00e4t mit dem Caf\u00e9 Spunk!&#8220; &#8211; Spontanrundgang.<\/li>\n\n\n\n<li>04.07.2022: City tour in the context of the conference \"Quartier der Moderne. Mediating Ambivalent Topographies\" of the Klassik Stiftung Weimar. - cancelled due to a Covid case in our team.<\/li>\n\n\n\n<li>18.04.2022: City tour as part of the Easter Academy on the topic of decoloniality in Central Germany of the European Youth Education and Youth Meeting Center Weimar (EJBW).<\/li>\n\n\n\n<li>27.03.2022: City walk as part of the International Weeks Against Racism. 11 a.m. \/ Meeting point: entrance to the J.N. Hummel Music School. (Tour in German)<\/li>\n\n\n\n<li>09.12.2021: Decolonize Weimar visiting the Seminar Archive Research at Bauhaus University.<\/li>\n\n\n\n<li>13.11.2021: Public city tour for the <a href=\"https:\/\/weimarer-rendezvous.de\/de\/programm\/decolonize-weimar-stadtrundgang\/\">Tag der Geschichte (History day)<\/a> at 12am. <\/li>\n\n\n\n<li>08.11.2021: City tour in English for the Transatlantic Exchange of Civic Educators (TECE).<\/li>\n\n\n\n<li>02.11.2021: City tour as part of the seminar \"Counter Memory\" at Bauhaus University.<\/li>\n\n\n\n<li>16.07.2021: Public presence city walk from 11am-1pm.<\/li>\n\n\n\n<li>27.05.2021: Some members of Decolonize Weimar were guests at the Bauhaus.Modul \"Decolonise Bauhaus\" from 17-18:30 and presented the project there.<\/li>\n\n\n\n<li>21.04.2021: Decolonize Weimar co-signed the Open Letter \"A Weimar for All!\" to Weimar's Lord Mayor Peter Kleine, which can be accessed <a href=\"https:\/\/decolonize-weimar.org\/en\/ein-weimar-fuer-alle\/\">here<\/a> .<\/li>\n\n\n\n<li>Decolonize Th\u00fcringen &#8211; Kick-Off-Meeting am&nbsp;12. April 2021.<\/li>\n\n\n\n<li>Online city tour on 25.03.2021 at 2:30pm<\/li>\n\n\n\n<li>Online city tour on 12.12.2020 at 3 pm<\/li>\n\n\n\n<li>City tour on 03.10.2020 at 3 pm. Participation only with registration.<\/li>\n\n\n\n<li>First city tour on 21.07.2020 <\/li>\n<\/ul>\n\n\n\n<hr class=\"wp-block-separator has-css-opacity\"\/>\n\n\n\n<p>Treten sie in <a href=\"mailto:info@decolonize-weimar.org\" data-type=\"mailto\" data-id=\"mailto:info@decolonize-weimar.org\">Contact<\/a> us and make an appointment for groups and school classes, seminars and workshops.<\/p>","protected":false},"excerpt":{"rendered":"<p>Aktuell sind keine Stadtrundg\u00e4nge geplant. Termine k\u00f6nnen allerdings per Mail an info@decolonize-weimar.org angefragt werden. Medienpr\u00e4senz Vergangene Termine Treten sie in Kontakt mit uns und vereinbaren sie einen Termin f\u00fcr Gruppen und Schulklassen, Seminare und Arbeitsgemeinschaften.<\/p>","protected":false},"author":1,"featured_media":0,"parent":0,"menu_order":0,"comment_status":"closed","ping_status":"closed","template":"","meta":{"footnotes":""},"class_list":["post-18","page","type-page","status-publish","hentry"],"_links":{"self":[{"href":"http:\/\/decolonize-weimar.org\/en\/wp-json\/wp\/v2\/pages\/18","targetHints":{"allow":["GET"]}}],"collection":[{"href":"http:\/\/decolonize-weimar.org\/en\/wp-json\/wp\/v2\/pages"}],"about":[{"href":"http:\/\/decolonize-weimar.org\/en\/wp-json\/wp\/v2\/types\/page"}],"author":[{"embeddable":true,"href":"http:\/\/decolonize-weimar.org\/en\/wp-json\/wp\/v2\/users\/1"}],"replies":[{"embeddable":true,"href":"http:\/\/decolonize-weimar.org\/en\/wp-json\/wp\/v2\/comments?post=18"}],"version-history":[{"count":48,"href":"http:\/\/decolonize-weimar.org\/en\/wp-json\/wp\/v2\/pages\/18\/revisions"}],"predecessor-version":[{"id":790,"href":"http:\/\/decolonize-weimar.org\/en\/wp-json\/wp\/v2\/pages\/18\/revisions\/790"}],"wp:attachment":[{"href":"http:\/\/decolonize-weimar.org\/en\/wp-json\/wp\/v2\/media?parent=18"}],"curies":[{"name":"wp","href":"https:\/\/api.w.org\/{rel}","templated":true}]}}