{"id":183,"date":"2020-07-17T00:27:44","date_gmt":"2020-07-17T00:27:44","guid":{"rendered":"http:\/\/decolonize-weimar.org\/?page_id=183"},"modified":"2020-12-11T12:15:17","modified_gmt":"2020-12-11T12:15:17","slug":"major-noise-minor-voice","status":"publish","type":"page","link":"http:\/\/decolonize-weimar.org\/en\/karte\/major-noise-minor-voice","title":{"rendered":"Major Noise, Minor Voice"},"content":{"rendered":"\n<h3 class=\"has-text-align-right wp-block-heading\">Zelda Diedrich und Dean Ruddock<\/h3>\n\n\n\n<div class=\"wp-block-image\"><figure class=\"aligncenter size-large\"><a href=\"https:\/\/decolonize-weimar.org\/\"><img loading=\"lazy\" decoding=\"async\" width=\"602\" height=\"602\" src=\"https:\/\/decolonize-weimar.org\/wp-content\/uploads\/2020\/07\/map-noise.jpg\" alt=\"\" class=\"wp-image-228\" srcset=\"https:\/\/decolonize-weimar.org\/wp-content\/uploads\/2020\/07\/map-noise.jpg 602w, https:\/\/decolonize-weimar.org\/wp-content\/uploads\/2020\/07\/map-noise-300x300.jpg 300w, https:\/\/decolonize-weimar.org\/wp-content\/uploads\/2020\/07\/map-noise-150x150.jpg 150w\" sizes=\"auto, (max-width: 602px) 100vw, 602px\" \/><\/a><\/figure><\/div>\n\n\n\n<hr class=\"wp-block-separator\"\/>\n\n\n\n<p>\u201eMajor Noise, Minor Voice \u2013 au\u00dferparlamentarische Wortmeldungen\u201c thematisiert auf subjektive Weise die von vielen wahrgenommene Verschiebung der Grenzen des Sagbaren im politischen Diskurs um Diversit\u00e4t. Hierbei treffen Extreme aufeinander \u2013 Stimmen, die bundesweit in Parlamenten eine Plattform bekommen und von hier aus ma\u00dfgeblich zur Ver\u00e4nderung des gesellschaftlichen Klimas beitragen und die Stimmen derer, die h\u00e4ufiger thematisiert als geh\u00f6rt werden. Die Medienkunst-Studierenden Zelda Diedrich und Dean Ruddock sammelten Erfahrungsberichte in den Queer- und BIPOC-Gemeinschaften von Weimar und Erfurt, sowie dem Umfeld der Bauhaus-Universit\u00e4t. Betroffene bekommen den Raum \u00fcber ihre Erfahrungen mit Alltagsdiskriminierung zu sprechen. Herausgekommen ist eine kontrastreiche Soundcollage, welche die Konsequenzen des zunehmenden Populismus dokumentiert, aber auch wie tief dergesellschaftliche Graben zwischen denen die in Parlamenten sprechen und denen, \u00fcber die gesprochen wird, ist.<\/p>\n\n\n\n<p><a href=\"https:\/\/soundcloud.com\/deanruddock\/major-noise-minor-voice\/s-cNZeWde1FjH\" target=\"_blank\" rel=\"noreferrer noopener\">[Anh\u00f6ren]<\/a><\/p>\n\n\n\n<p>Major Noise, Minor Voice.<br>Au\u00dferparlamentarische Wortmeldungen \u2013 eine Collage von Zelda Diedrich und Dean Ruddock.<\/p>\n\n\n\n<p>Mit:<br>Jonas Teshome Toaspern<br>Adhika Ferdinand<br>Maria Paula Maldonado Mendoza<br>Miguel Buenrostro<br>Louisa Hainich<br>Amelie Schwan<br>Zelda Diedrich<br>Karlotta Sperling<br>Ton: Tobias Ludwig<br>Musik: Dean Ruddock<br>Schnitt: Zelda Diedrich, Dean Ruddock<br>Idee: Zelda Diedrich<br>Regie &amp; Redaktion: Zelda Diedrich, Dean Ruddock<br><br>Entstanden 2020 an der Professur f\u00fcr Experimentelles Radio der Bauhaus-<br>Universit\u00e4t Weimar.<\/p>\n","protected":false},"excerpt":{"rendered":"<p>Zelda Diedrich und Dean Ruddock \u201eMajor Noise, Minor Voice \u2013 au\u00dferparlamentarische Wortmeldungen\u201c thematisiert auf subjektive Weise die von vielen wahrgenommene Verschiebung der Grenzen des Sagbaren im politischen Diskurs um Diversit\u00e4t. Hierbei treffen Extreme aufeinander \u2013 Stimmen, die bundesweit in Parlamenten eine Plattform bekommen und von hier aus ma\u00dfgeblich zur Ver\u00e4nderung des gesellschaftlichen Klimas beitragen und&hellip;<\/p>","protected":false},"author":1,"featured_media":0,"parent":5,"menu_order":0,"comment_status":"closed","ping_status":"closed","template":"","meta":{"footnotes":""},"class_list":["post-183","page","type-page","status-publish","hentry"],"_links":{"self":[{"href":"http:\/\/decolonize-weimar.org\/en\/wp-json\/wp\/v2\/pages\/183","targetHints":{"allow":["GET"]}}],"collection":[{"href":"http:\/\/decolonize-weimar.org\/en\/wp-json\/wp\/v2\/pages"}],"about":[{"href":"http:\/\/decolonize-weimar.org\/en\/wp-json\/wp\/v2\/types\/page"}],"author":[{"embeddable":true,"href":"http:\/\/decolonize-weimar.org\/en\/wp-json\/wp\/v2\/users\/1"}],"replies":[{"embeddable":true,"href":"http:\/\/decolonize-weimar.org\/en\/wp-json\/wp\/v2\/comments?post=183"}],"version-history":[{"count":5,"href":"http:\/\/decolonize-weimar.org\/en\/wp-json\/wp\/v2\/pages\/183\/revisions"}],"predecessor-version":[{"id":586,"href":"http:\/\/decolonize-weimar.org\/en\/wp-json\/wp\/v2\/pages\/183\/revisions\/586"}],"up":[{"embeddable":true,"href":"http:\/\/decolonize-weimar.org\/en\/wp-json\/wp\/v2\/pages\/5"}],"wp:attachment":[{"href":"http:\/\/decolonize-weimar.org\/en\/wp-json\/wp\/v2\/media?parent=183"}],"curies":[{"name":"wp","href":"https:\/\/api.w.org\/{rel}","templated":true}]}}