{"id":634,"date":"2021-04-23T13:55:16","date_gmt":"2021-04-23T13:55:16","guid":{"rendered":"https:\/\/decolonize-weimar.org\/?page_id=634"},"modified":"2021-04-23T13:55:16","modified_gmt":"2021-04-23T13:55:16","slug":"ein-weimar-fuer-alle","status":"publish","type":"page","link":"https:\/\/decolonize-weimar.org\/en\/ein-weimar-fuer-alle","title":{"rendered":"A Weimar for all!"},"content":{"rendered":"<hr class=\"wp-block-separator\"\/>\n\n\n\n<p class=\"has-text-align-right\">Weimar, den 21.04.2021<\/p>\n\n\n\n<p><em>Sehr geehrter Oberb\u00fcrgermeister Peter Kleine,<\/em><\/p>\n\n\n\n<p>wir sind ein Netzwerk zivilgesellschaftlich organisierter Initiativen, sozialer Tr\u00e4ger, Personen, Vereine, gastronomischer Unternehmen, Bildungseinrichtungen und Stiftungen der Weimarer Stadtlandschaft. Mit Besorgnis beobachten wir in den vergangenen Wochen einen zunehmenden Vandalismus, den wir als einen Ausdruck von Diskriminierung und Menschenfeindlichkeit verstehen. Wir freuen uns \u00fcber Ihre Aufmerksamkeit und hoffen auf Ihre Bereitschaft, gemeinsam ein starkes Zeichen gegen Rassismus, Antisemitismus und rechte Gewalt in unserer Stadt setzen zu k\u00f6nnen.<\/p>\n\n\n\n<p>Was uns besorgt: Am 21. Januar 2021 wurden in der Schiller- und Steubenstra\u00dfe insgesamt vier Stolpersteine mit grauer Farbe \u00fcbermalt. Am 02. M\u00e4rz 2021 wiederholte sich diese Besch\u00e4digung in der Steubenstra\u00dfe. In Anbetracht der Last von Buchenwald ist ein kritisches Gedenken an den Holocaust sowie das Aufarbeiten vergangener Verstrickungen der Stadt Weimar mit dem ehemaligen Konzentrationslager notwendig. Wir als Stadtgesellschaft tragen Sorge f\u00fcr das Erinnern und sind demnach emp\u00f6rt, wenn einem wichtigen Element des Gedenkens ein solcher Umgang widerf\u00e4hrt.<\/p>\n\n\n\n<p>Am 02. M\u00e4rz 2021 wurde die Ladenfront des <em>Caf\u00e9 Spunk <\/em>in der Marienstra\u00dfe mit einem Ziegelstein eingeworfen und am 15. M\u00e4rz 2021 wurden Plakate, die an das rechtsterroristische Attentat in Hanau im vergangenen Jahr erinnern, bei der <em>B\u00e4ckerei Brotklappe <\/em>in der Triererstra\u00dfe mit blauer Farbe unkenntlich gemacht. Auch das <em>Caf\u00e9 Spunk <\/em>zeigte diese Plakate in ihrem Ladenfenster vor dem Einwurf der Glasscheibe.<\/p>\n\n\n\n<p>Der hier aufgelistete Vandalismus in Weimar fand seinen H\u00f6hepunkt am 28. M\u00e4rz 2021, indem die Ausstellung des <em>Netzwerk Antirassismus <\/em>Weimar zum <em>Internationalen Tag gegen Rassismus <\/em>am Jugend- und Kulturzentrum <em>Mon Ami <\/em>durch Unbekannte zerst\u00f6rt wurde. Hier waren u.a. Menschen abgebildet, die in Weimar leben, arbeiten, studieren und im Rahmen der Ausstellung \u00fcber ihre allt\u00e4glichen Rassismuserfahrungen \u00f6ffentlich berichteten. Die letzten Ereignisse l\u00f6sen ein gro\u00dfes Unsicherheitsgef\u00fchl bei betroffenen Menschen aus. Zudem erleben die chinesischen, koreanischen und vietnamesischen Communities in Weimar seit dem Beginn der Pandemie vermehrt Bel\u00e4stigungen und Diskriminierungen.<\/p>\n\n\n\n<p>Wir brauchen deshalb jetzt eine klare Haltung und \u00f6ffentliche Positionierung der Stadtspitze gegen rechtes Gedankengut, gegen Rassismus und jede Form der Diskriminierung. Daran m\u00f6chten wir vier Forderungen anschlie\u00dfen.<br>Erstens ist es unserer Ansicht nach notwendig, eine <strong>unabh\u00e4ngige neutrale Antidiskriminierungsstelle<\/strong>, die beratend und dokumentierend t\u00e4tig ist, einzurichten und &#8211; wenn bereits vorhanden &#8211; zu unterst\u00fctzen. Menschen, die Diskriminierungserfahrungen erleben, sollen hier einen Safe Space vorfinden, in dem sie sichtbar und h\u00f6rbar werden. Zweitens braucht die Stadt Weimar dringend ein <strong>Integrationskonzept<\/strong>, das die Pluralit\u00e4t der Stadtgesellschaft wiedergibt und kreative L\u00f6sungen des Miteinander-Lebens in einer vielf\u00e4ltigen Gesellschaft aufzeigt. Drittens m\u00fcssen <strong>rassistische Straftaten mit Konsequenz verfolgt <\/strong>werden und eine <strong>klare \u00f6ffentliche Positionierung <\/strong>der Stadt Weimar <strong>gegen Rassismus und gegen rechts ist <\/strong>unserer Ansicht nach erforderlich. Zuletzt muss die Stadt Weimar als Sicherer Hafen mit Ernsthaftigkeit <strong>mehr Platz f\u00fcr Menschen mit einer Fluchterfahrung <\/strong>schaffen. Gerade in dieser pandemischen Zeit brauchen wir Orte des Zuh\u00f6rens, der Kooperation und eine tiefe Solidarisierung.<\/p>\n\n\n\n<p>Wir brauchen neue Konzepte des Miteinanders, der Mitgestaltung, des Mitmachens! Der pluralen Realit\u00e4t hinken wir gerade hinterher. Viele Menschen in der Stadt Weimar leiden und wir finden, es ist an der Zeit das zu \u00e4ndern. Es gibt viel zu tun mit Herz, Hand und Verstand.<\/p>\n\n\n\n<h3 class=\"wp-block-heading\">Unterzeichner*innen<\/h3>\n\n\n\n<p>_ AWO, F\u00f6rderverein WE United <br>_ Radio LOTTE Weimar e.V.<br>_ C. Keller &amp; Galerie Markt 21 e.V. <br>_ Der Laden Weimar e.V.<br>_ ACC Galerie Weimar<br>_ stellwerk weimar e.V.<br>_ Other Music Academy e.V.<br>_ Projekt- und Designwerkstatt Gaswerk<br>_ Caf\u00e9 Spunk<br>_ BROTKLAPPE<br>_ Stadtelster<br>_ R\u00f6stbr\u00fcder<br>_ Fama &#8211; Caf\u00e9 und B\u00fccher<br>_ Weimar Kebab Haus<br>_ Ausl\u00e4nderbeirat der Stadt Weimar<br>_ Stadtr\u00e4t*innen der Stadt Weimar: Ann-Sophie Bohm, Ines Bolle, Anton Brokow-Loga, Franziska S. F\u00e4hrmann, B\u00e4rbel Fiedler, Fritz Folger, Daniel Gracz, Thomas Hartung, Hans-Joachim Heuzeroth, Rudolf Ke\u00dfner, Virginie Klemm, Jan Krey\u00dfig, Hubert Kr\u00fcger, Andreas Leps, Marco Modrow, Dirk M\u00f6ller, Katja Seiler, Dirk Slawinsky, Wolfram Wiese<br>_ Caritas Region Mittelth\u00fcringen<br>_ Eric Wrasse, P\u00e4dagogischer Leiter der Europ\u00e4ischen Jugendbildungs- und Jugendbegegnungsst\u00e4tte Weimar <br>_ Distanz Distanzierungsarbeit, jugendkulturelle Bildung und Beratung e.V.<br>_ Netzwerk Antirassismus Weimar<br>_ B\u00fcrgerb\u00fcndnis gegen Rechtsextremismus Weimar<br>_ Vielfalt Leben &#8211; QueerWeg Verein f\u00fcr Th\u00fcringen e. V.<br>_ NETZWERK WELCOME WEIMAR<br>_ Referat f\u00fcr Politische Bildung der Bauhaus-Universit\u00e4t (Pol B), BIPOC YMR<br>_ Migrantifa Weimar<br>_ Fridays for Future Weimar<br>_ Decolonize Weimar<br>_ Studierendenkonvent der Bauhaus-Universit\u00e4t Weimar<br>_ Achava Festspiele Th\u00fcringen<br>_ Prof. Dr. Frank Eckardt, Professur f\u00fcr Sozialwissenschaftliche Stadtforschung, Bauhaus-Universit\u00e4t Weimar <br>_ Prof. Dr. Christiane Voss, Graduiertenkolleg Medienanthropologie, Bauhaus-Universit\u00e4t Weimar<br>_ Jun.-Prof. Dr. Julia Bee und Dr. Elisa Linseisen, Professur Bildtheorie, Bauhaus-Universit\u00e4t Weimar<br>_ Matteo M\u00fcller, Sch\u00fclersprecher, Staatliche Gemeinschaftsschule Jenaplan Weimar\/ Schule ohne Rassismus <br>_ Harald Zeil, stellvertretender Schulleiter, Staatliche Gemeinschaftsschule Jenaplan Weimar<\/p>","protected":false},"excerpt":{"rendered":"<p>Weimar, den 21.04.2021 Sehr geehrter Oberb\u00fcrgermeister Peter Kleine, wir sind ein Netzwerk zivilgesellschaftlich organisierter Initiativen, sozialer Tr\u00e4ger, Personen, Vereine, gastronomischer Unternehmen, Bildungseinrichtungen und Stiftungen der Weimarer Stadtlandschaft. Mit Besorgnis beobachten wir in den vergangenen Wochen einen zunehmenden Vandalismus, den wir als einen Ausdruck von Diskriminierung und Menschenfeindlichkeit verstehen. Wir freuen uns \u00fcber Ihre Aufmerksamkeit und&hellip;<\/p>","protected":false},"author":1,"featured_media":0,"parent":0,"menu_order":0,"comment_status":"closed","ping_status":"closed","template":"","meta":{"footnotes":""},"class_list":["post-634","page","type-page","status-publish","hentry"],"_links":{"self":[{"href":"https:\/\/decolonize-weimar.org\/en\/wp-json\/wp\/v2\/pages\/634","targetHints":{"allow":["GET"]}}],"collection":[{"href":"https:\/\/decolonize-weimar.org\/en\/wp-json\/wp\/v2\/pages"}],"about":[{"href":"https:\/\/decolonize-weimar.org\/en\/wp-json\/wp\/v2\/types\/page"}],"author":[{"embeddable":true,"href":"https:\/\/decolonize-weimar.org\/en\/wp-json\/wp\/v2\/users\/1"}],"replies":[{"embeddable":true,"href":"https:\/\/decolonize-weimar.org\/en\/wp-json\/wp\/v2\/comments?post=634"}],"version-history":[{"count":2,"href":"https:\/\/decolonize-weimar.org\/en\/wp-json\/wp\/v2\/pages\/634\/revisions"}],"predecessor-version":[{"id":636,"href":"https:\/\/decolonize-weimar.org\/en\/wp-json\/wp\/v2\/pages\/634\/revisions\/636"}],"wp:attachment":[{"href":"https:\/\/decolonize-weimar.org\/en\/wp-json\/wp\/v2\/media?parent=634"}],"curies":[{"name":"wp","href":"https:\/\/api.w.org\/{rel}","templated":true}]}}